{"id":1190,"date":"2023-08-21T14:13:19","date_gmt":"2023-08-21T14:13:19","guid":{"rendered":"https:\/\/oinstituto.pt\/?page_id=1190"},"modified":"2023-08-21T16:44:17","modified_gmt":"2023-08-21T16:44:17","slug":"anuario22","status":"publish","type":"page","link":"https:\/\/oinstituto.pt\/en\/anuario22\/","title":{"rendered":"Anu\u00e1rio&#8217;22"},"content":{"rendered":"","protected":false},"excerpt":{"rendered":"","protected":false},"author":2,"featured_media":0,"parent":0,"menu_order":0,"comment_status":"closed","ping_status":"closed","template":"","meta":[],"class_list":["post-1190","page","type-page","status-publish","hentry"],"grid":"{\r\n  \"colCount\": 12,\r\n  \"colGutter\": 2,\r\n  \"rowGutters\": [\r\n    2,\r\n    2,\r\n    2,\r\n    5,\r\n    2\r\n  ],\r\n  \"frameMargin\": 2,\r\n  \"leftFrameMargin\": 5,\r\n  \"rightFrameMargin\": 5,\r\n  \"topFrameMargin\": 17,\r\n  \"bottomFrameMargin\": 2,\r\n  \"rowAttrs\": [\r\n    {},\r\n    {},\r\n    {},\r\n    {},\r\n    {},\r\n    {}\r\n  ],\r\n  \"bgColor\": null,\r\n  \"bgImage\": null,\r\n  \"cont\": [\r\n    {\r\n      \"type\": \"text\",\r\n      \"cont\": \"\",\r\n      \"align\": \"top\",\r\n      \"row\": 0,\r\n      \"col\": 0,\r\n      \"colspan\": 12,\r\n      \"offsetx\": 0,\r\n      \"offsety\": 0,\r\n      \"spaceabove\": 0,\r\n      \"spacebelow\": 0,\r\n      \"yvel\": 1,\r\n      \"push\": 0,\r\n      \"relid\": 5,\r\n      \"frameOverflow\": \"\"\r\n    },\r\n    {\r\n      \"type\": \"text\",\r\n      \"cont\": \"\",\r\n      \"align\": \"top\",\r\n      \"row\": 1,\r\n      \"col\": 3,\r\n      \"colspan\": 6,\r\n      \"offsetx\": 0,\r\n      \"offsety\": 0,\r\n      \"spaceabove\": 0,\r\n      \"spacebelow\": 0,\r\n      \"yvel\": 1,\r\n      \"push\": 3,\r\n      \"relid\": 4\r\n    },\r\n    {\r\n      \"type\": \"img\",\r\n      \"cont\": \"http:\/\/oinstituto.pt\/wp-content\/uploads\/2023\/08\/0C0A0459_LOW.jpg\",\r\n      \"align\": \"top\",\r\n      \"row\": 2,\r\n      \"col\": 3,\r\n      \"colspan\": 6,\r\n      \"offsetx\": 0,\r\n      \"offsety\": 0,\r\n      \"spaceabove\": 0,\r\n      \"spacebelow\": 0,\r\n      \"yvel\": 1,\r\n      \"push\": 3,\r\n      \"relid\": 559,\r\n      \"attid\": 1191,\r\n      \"sizes\": {\r\n        \"full\": \"http:\/\/oinstituto.pt\/wp-content\/uploads\/2023\/08\/0C0A0459_LOW.jpg\",\r\n        \"_768\": \"http:\/\/oinstituto.pt\/wp-content\/uploads\/2023\/08\/0C0A0459_LOW-768x512.jpg\",\r\n        \"_512\": \"http:\/\/oinstituto.pt\/wp-content\/uploads\/2023\/08\/0C0A0459_LOW-512x341.jpg\",\r\n        \"_265\": \"http:\/\/oinstituto.pt\/wp-content\/uploads\/2023\/08\/0C0A0459_LOW-265x176.jpg\"\r\n      },\r\n      \"w\": 1024,\r\n      \"h\": 682,\r\n      \"ar\": 0.666015625,\r\n      \"alt\": \"\",\r\n      \"frameOverflow\": \"\"\r\n    },\r\n    {\r\n      \"type\": \"text\",\r\n      \"cont\": \"\",\r\n      \"align\": \"top\",\r\n      \"row\": 3,\r\n      \"col\": 0,\r\n      \"colspan\": 6,\r\n      \"offsetx\": 0,\r\n      \"offsety\": 0,\r\n      \"spaceabove\": 0,\r\n      \"spacebelow\": 0,\r\n      \"yvel\": 1,\r\n      \"push\": 0,\r\n      \"relid\": 387\r\n    },\r\n    {\r\n      \"type\": \"stack\",\r\n      \"cont\": [\r\n        {\r\n          \"type\": \"text\",\r\n          \"cont\": \"<p>A frescura trazida por projetos externos alimenta tamb\u00e9m a nossa vontade de iniciar e manter di\u00e1logos com parceiros locais e internacionais, como o projeto europeu VAHA, uma iniciativa da Anadolu K\u00fclt\u00fcr e MitOst, financiada pela Stiftung Mercator e pelo European Cultural Foundation, cuja primeira fase integrou a edi\u00e7\u00e3o anterior do Anu\u00e1rio, prolongou-se para a sua segunda fase durante o ano de 2022, com o projeto \u201cThisPlace \u2013 Stories of displaced people in Chernihiv, Diyarbak\u0131r, and Porto\u201d. A terceira fase do programa, que implica a dissemina\u00e7\u00e3o do projeto, estar\u00e1 em curso durante o ano de 2023.<\/p><p>O programa do INSTITUTO procura atingir diversos p\u00fablicos locais, nacionais e internacionais, n\u00e3o s\u00f3 atrav\u00e9s das atividades que desenvolvemos, mas tamb\u00e9m atrav\u00e9s da presen\u00e7a em eventos e palestras para os quais somos convidados a participar. Este ano visit\u00e1mos a Garagem Sul do CCB \u2013 Centro Cultural de Bel\u00e9m, em Lisboa; apresent\u00e1mos o INSTITUTO e uma retrospetiva dos \u00faltimos 3 anos, na confer\u00eancia internacional Archisummit; e em setembro fomos convidados para participar na primeira edi\u00e7\u00e3o do Encontro de Pr\u00e1ticas Espaciais Cr\u00edticas, no \u00e2mbito do Cultura em Expans\u00e3o, programa de promo\u00e7\u00e3o cultural e art\u00edstica criado pela C\u00e2mara Municipal do Porto.<\/p><p>As resid\u00eancias art\u00edsticas continuam a ser um campo em expans\u00e3o, por reconhecermos a sua import\u00e2ncia enquanto espa\u00e7o de pensamento, troca e dissemina\u00e7\u00e3o de ideias. Ao longo de 2022, recebemos residentes vindos de diversos pa\u00edses e que atuam em \u00e1reas igualmente diversas, Ivan Hunga Garcia \u00e9 designer de moda e preparou o seu desfile para a Moda Lisboa durante uma resid\u00eancia no INSTITUTO; a arquiteta de interiores e ativista Cassandra Lorca Machiavelli, que completou a sua resid\u00eancia ao abrigo do protocolo estabelecido com o IASPIS \u2013 Swedish Arts Grants Committee; durante o ver\u00e3o, acolhemos o coletivo angolano Verkron, ao abrigo do programa \u201cInResidence\u201d, que nos foi atribu\u00eddo pela terceira vez pela \u00c1gora \u2013 Cultura e Desporto, E.M.; e no \u00faltimo trimestre do ano, recebemos a artista eslovaca Rita Koszorus, seguida da escritora brasileira L\u00edgia Grammont.<\/p><p>Chegados ao final de 2022, demos por n\u00f3s a planear o futuro pr\u00f3ximo. Por um lado, temos duas oficinas a decorrer na primeira metade de 2023 \u2013 \u201cConstruir um Arquivo\u201d e \u201cL.E.A.L \u2013 Laborat\u00f3rio Experimental de A\u00e7\u00e3o Local\u201d \u2013 ambas apoiadas pela DGArtes no \u00e2mbito dos Apoios Simplificados a Projetos. Por outro lado, o atraso na abertura das candidaturas aos apoios de programa\u00e7\u00e3o da DGArtes tornaram o final deste ano de atividades um per\u00edodo particularmente intenso. Aguardamos o resultado destas candidaturas, a fim de estabilizar o programa cultural de 2023.<\/p><p><span>O Anu\u00e1rio\u201922 foi apoiado pela DGArtes \/ Minist\u00e9rio da Cultura.<\/span><\/p>\",\r\n          \"align\": \"top\",\r\n          \"row\": -1,\r\n          \"col\": 0,\r\n          \"colspan\": 6,\r\n          \"offsetx\": 0,\r\n          \"offsety\": 0,\r\n          \"spaceabove\": 0,\r\n          \"spacebelow\": 0,\r\n          \"yvel\": 1,\r\n          \"push\": 0,\r\n          \"relid\": 8\r\n        }\r\n      ],\r\n      \"align\": \"top\",\r\n      \"row\": 3,\r\n      \"col\": 6,\r\n      \"colspan\": 6,\r\n      \"offsetx\": 0,\r\n      \"offsety\": 0,\r\n      \"spaceabove\": 0,\r\n      \"spacebelow\": 0,\r\n      \"yvel\": 1,\r\n      \"push\": 0,\r\n      \"relid\": 7,\r\n      \"frameOverflow\": \"\"\r\n    },\r\n    {\r\n      \"type\": \"thumbnailgrid\",\r\n      \"cont\": \"\",\r\n      \"align\": \"top\",\r\n      \"row\": 4,\r\n      \"col\": 0,\r\n      \"colspan\": 12,\r\n      \"offsetx\": 0,\r\n      \"offsety\": 0,\r\n      \"spaceabove\": 0,\r\n      \"spacebelow\": 0,\r\n      \"yvel\": 1,\r\n      \"push\": 0,\r\n      \"relid\": 6,\r\n      \"config\": {\r\n        \"desktop\": {\r\n          \"colCount\": 3,\r\n          \"colGutter\": 2,\r\n          \"rowGutter\": 4\r\n        },\r\n        \"tablet\": {\r\n          \"colCount\": 3,\r\n          \"colGutter\": 3,\r\n          \"rowGutter\": 5\r\n        },\r\n        \"phone\": {\r\n          \"colCount\": 2,\r\n          \"colGutter\": 4,\r\n          \"rowGutter\": 8\r\n        },\r\n        \"layoutType\": \"top-aligned\",\r\n        \"cat_id\": 28,\r\n        \"showfilter\": false,\r\n        \"showtagfilter\": false,\r\n        \"sortedFilters\": false,\r\n        \"sortedTagFilters\": false,\r\n        \"tagFilterBehaviour\": \"or\"\r\n      },\r\n      \"frameOverflow\": \"\"\r\n    },\r\n    {\r\n      \"type\": \"stack\",\r\n      \"cont\": [\r\n        {\r\n          \"type\": \"text\",\r\n          \"cont\": \"\",\r\n          \"align\": \"top\",\r\n          \"row\": -1,\r\n          \"col\": 0,\r\n          \"colspan\": 12,\r\n          \"offsetx\": 0,\r\n          \"offsety\": 0,\r\n          \"spaceabove\": 0,\r\n          \"spacebelow\": 0,\r\n          \"yvel\": 1,\r\n          \"push\": 0,\r\n          \"relid\": 10\r\n        },\r\n        {\r\n          \"type\": \"img\",\r\n          \"cont\": \"http:\/\/oinstituto.pt\/wp-content\/uploads\/2022\/06\/logo_gartes-1-e1683044687458.png\",\r\n          \"align\": \"top\",\r\n          \"row\": -1,\r\n          \"col\": 5,\r\n          \"colspan\": 2,\r\n          \"offsetx\": 0,\r\n          \"offsety\": 0,\r\n          \"spaceabove\": 1,\r\n          \"spacebelow\": 0,\r\n          \"yvel\": 1,\r\n          \"push\": 5,\r\n          \"relid\": 396,\r\n          \"attid\": 1057,\r\n          \"sizes\": {\r\n            \"full\": \"http:\/\/oinstituto.pt\/wp-content\/uploads\/2022\/06\/logo_gartes-1-e1683044687458.png\",\r\n            \"_1280\": \"http:\/\/oinstituto.pt\/wp-content\/uploads\/2022\/06\/logo_gartes-1-1280x1280.png\",\r\n            \"_1024\": \"http:\/\/oinstituto.pt\/wp-content\/uploads\/2022\/06\/logo_gartes-1-e1683044687458-1024x249.png\",\r\n            \"_768\": \"http:\/\/oinstituto.pt\/wp-content\/uploads\/2022\/06\/logo_gartes-1-e1683044687458-768x187.png\",\r\n            \"_512\": \"http:\/\/oinstituto.pt\/wp-content\/uploads\/2022\/06\/logo_gartes-1-e1683044687458-512x125.png\",\r\n            \"_265\": \"http:\/\/oinstituto.pt\/wp-content\/uploads\/2022\/06\/logo_gartes-1-e1683044687458-265x64.png\"\r\n          },\r\n          \"w\": 1196,\r\n          \"h\": 291,\r\n          \"ar\": 0.24331103678929766,\r\n          \"alt\": \"\"\r\n        }\r\n      ],\r\n      \"align\": \"top\",\r\n      \"row\": 5,\r\n      \"col\": 0,\r\n      \"colspan\": 12,\r\n      \"offsetx\": 0,\r\n      \"offsety\": 0,\r\n      \"spaceabove\": 0,\r\n      \"spacebelow\": 0,\r\n      \"yvel\": 1,\r\n      \"push\": 0,\r\n      \"relid\": 9,\r\n      \"frameOverflow\": \"\"\r\n    }\r\n  ]\r\n}","phonegrid":"","_links":{"self":[{"href":"https:\/\/oinstituto.pt\/en\/wp-json\/wp\/v2\/pages\/1190","targetHints":{"allow":["GET"]}}],"collection":[{"href":"https:\/\/oinstituto.pt\/en\/wp-json\/wp\/v2\/pages"}],"about":[{"href":"https:\/\/oinstituto.pt\/en\/wp-json\/wp\/v2\/types\/page"}],"author":[{"embeddable":true,"href":"https:\/\/oinstituto.pt\/en\/wp-json\/wp\/v2\/users\/2"}],"replies":[{"embeddable":true,"href":"https:\/\/oinstituto.pt\/en\/wp-json\/wp\/v2\/comments?post=1190"}],"version-history":[{"count":0,"href":"https:\/\/oinstituto.pt\/en\/wp-json\/wp\/v2\/pages\/1190\/revisions"}],"wp:attachment":[{"href":"https:\/\/oinstituto.pt\/en\/wp-json\/wp\/v2\/media?parent=1190"}],"curies":[{"name":"wp","href":"https:\/\/api.w.org\/{rel}","templated":true}]}}