{"id":1047,"date":"2023-04-28T16:04:46","date_gmt":"2023-04-28T16:04:46","guid":{"rendered":"https:\/\/oinstituto.pt\/?page_id=1047"},"modified":"2026-02-06T12:06:39","modified_gmt":"2026-02-06T12:06:39","slug":"agenda","status":"publish","type":"page","link":"https:\/\/oinstituto.pt\/pt\/agenda\/","title":{"rendered":"Agenda"},"content":{"rendered":"","protected":false},"excerpt":{"rendered":"","protected":false},"author":2,"featured_media":0,"parent":0,"menu_order":0,"comment_status":"closed","ping_status":"closed","template":"","meta":[],"class_list":["post-1047","page","type-page","status-publish","hentry"],"grid":"{\r\n  \"colCount\": 12,\r\n  \"colGutter\": 2,\r\n  \"rowGutters\": [\r\n    2,\r\n    2,\r\n    2,\r\n    2,\r\n    2,\r\n    2\r\n  ],\r\n  \"frameMargin\": 2,\r\n  \"leftFrameMargin\": 2,\r\n  \"rightFrameMargin\": 2,\r\n  \"topFrameMargin\": 17,\r\n  \"bottomFrameMargin\": 2,\r\n  \"rowAttrs\": [\r\n    {},\r\n    {},\r\n    {},\r\n    {},\r\n    {},\r\n    {},\r\n    {}\r\n  ],\r\n  \"bgColor\": null,\r\n  \"bgImage\": null,\r\n  \"cont\": [\r\n    {\r\n      \"type\": \"text\",\r\n      \"cont\": \"<p><span style=\\\"font-size: 48px;\\\">AGENDA<\/span><\/p>\",\r\n      \"align\": \"top\",\r\n      \"row\": 0,\r\n      \"col\": 6,\r\n      \"colspan\": 6,\r\n      \"offsetx\": 0,\r\n      \"offsety\": 0,\r\n      \"spaceabove\": 0,\r\n      \"spacebelow\": 0,\r\n      \"yvel\": 1,\r\n      \"push\": 6,\r\n      \"relid\": 5\r\n    },\r\n    {\r\n      \"type\": \"text\",\r\n      \"cont\": \"\",\r\n      \"align\": \"top\",\r\n      \"row\": 1,\r\n      \"col\": 6,\r\n      \"colspan\": 5,\r\n      \"offsetx\": 0,\r\n      \"offsety\": 0,\r\n      \"spaceabove\": 0,\r\n      \"spacebelow\": 0,\r\n      \"yvel\": 1,\r\n      \"push\": 6,\r\n      \"relid\": 771,\r\n      \"frameOverflow\": \"\"\r\n    },\r\n    {\r\n      \"type\": \"text\",\r\n      \"cont\": \"<p>12.02 - 30.04.2026<\/p>\",\r\n      \"align\": \"top\",\r\n      \"row\": 2,\r\n      \"col\": 6,\r\n      \"colspan\": 2,\r\n      \"offsetx\": 0,\r\n      \"offsety\": 0,\r\n      \"spaceabove\": 0,\r\n      \"spacebelow\": 0,\r\n      \"yvel\": 1,\r\n      \"push\": 6,\r\n      \"relid\": 6\r\n    },\r\n    {\r\n      \"type\": \"text\",\r\n      \"cont\": \"<p>EXPOSI\u00c7\u00c3O<\/p>\",\r\n      \"align\": \"top\",\r\n      \"row\": 2,\r\n      \"col\": 9,\r\n      \"colspan\": 3,\r\n      \"offsetx\": 0,\r\n      \"offsety\": 0,\r\n      \"spaceabove\": 0,\r\n      \"spacebelow\": 0,\r\n      \"yvel\": 1,\r\n      \"push\": 1,\r\n      \"relid\": 8,\r\n      \"frameOverflow\": \"\"\r\n    },\r\n    {\r\n      \"type\": \"img\",\r\n      \"cont\": \"http:\/\/oinstituto.pt\/wp-content\/uploads\/2026\/01\/\u00a9MARIA-JOAO-SALGADO_BRAGA25_COMPRESS.jpg\",\r\n      \"align\": \"top\",\r\n      \"row\": 3,\r\n      \"col\": 0,\r\n      \"colspan\": 6,\r\n      \"offsetx\": 0,\r\n      \"offsety\": 0,\r\n      \"spaceabove\": 0,\r\n      \"spacebelow\": 0,\r\n      \"yvel\": 1,\r\n      \"push\": 0,\r\n      \"relid\": 1348,\r\n      \"attid\": 1825,\r\n      \"sizes\": {\r\n        \"full\": \"http:\/\/oinstituto.pt\/wp-content\/uploads\/2026\/01\/\u00a9MARIA-JOAO-SALGADO_BRAGA25_COMPRESS.jpg\",\r\n        \"_4096\": \"http:\/\/oinstituto.pt\/wp-content\/uploads\/2026\/01\/\u00a9MARIA-JOAO-SALGADO_BRAGA25_COMPRESS-4096x2731.jpg\",\r\n        \"_3840\": \"http:\/\/oinstituto.pt\/wp-content\/uploads\/2026\/01\/\u00a9MARIA-JOAO-SALGADO_BRAGA25_COMPRESS-3840x2560.jpg\",\r\n        \"_3200\": \"http:\/\/oinstituto.pt\/wp-content\/uploads\/2026\/01\/\u00a9MARIA-JOAO-SALGADO_BRAGA25_COMPRESS-3200x2133.jpg\",\r\n        \"_2560\": \"http:\/\/oinstituto.pt\/wp-content\/uploads\/2026\/01\/\u00a9MARIA-JOAO-SALGADO_BRAGA25_COMPRESS-2560x1707.jpg\",\r\n        \"_1920\": \"http:\/\/oinstituto.pt\/wp-content\/uploads\/2026\/01\/\u00a9MARIA-JOAO-SALGADO_BRAGA25_COMPRESS-1920x1280.jpg\",\r\n        \"_1280\": \"http:\/\/oinstituto.pt\/wp-content\/uploads\/2026\/01\/\u00a9MARIA-JOAO-SALGADO_BRAGA25_COMPRESS-1280x853.jpg\",\r\n        \"_1024\": \"http:\/\/oinstituto.pt\/wp-content\/uploads\/2026\/01\/\u00a9MARIA-JOAO-SALGADO_BRAGA25_COMPRESS-1024x683.jpg\",\r\n        \"_768\": \"http:\/\/oinstituto.pt\/wp-content\/uploads\/2026\/01\/\u00a9MARIA-JOAO-SALGADO_BRAGA25_COMPRESS-768x512.jpg\",\r\n        \"_512\": \"http:\/\/oinstituto.pt\/wp-content\/uploads\/2026\/01\/\u00a9MARIA-JOAO-SALGADO_BRAGA25_COMPRESS-512x341.jpg\",\r\n        \"_265\": \"http:\/\/oinstituto.pt\/wp-content\/uploads\/2026\/01\/\u00a9MARIA-JOAO-SALGADO_BRAGA25_COMPRESS-265x177.jpg\"\r\n      },\r\n      \"w\": 5472,\r\n      \"h\": 3648,\r\n      \"ar\": 0.6666666666666666,\r\n      \"alt\": \"\"\r\n    },\r\n    {\r\n      \"type\": \"text\",\r\n      \"cont\": \"<p style=\\\"line-height: 1.2;\\\">SHOPYARD SUMMER SCHOOL: PROCESSOS E PROPOSTAS<\/p><p>A exposi\u00e7\u00e3o apresenta os processos e resultados da Shopyard Summer School, um programa intensivo de experimenta\u00e7\u00e3o pedag\u00f3gica realizado em Braga entre 18 e 25 de Julho 2025, em Braga, no \u00e2mbito da Braga 25 \u2013 Capital Portuguesa da Cultura.<br \/>Organizado em parceria pelos Space Transcribers e o INSTITUTO, focou-se na reflex\u00e3o cr\u00edtica e no desenvolvimento de propostas para a ativa\u00e7\u00e3o dos centros comerciais de primeira gera\u00e7\u00e3o em Braga.<br \/>Ao longo de uma semana, 30 estudantes de arquitetura de 17 nacionalidades, orientados pelos mentores OITOO (Porto), BUREAU (Lisboa\/Genebra) e OUEST (Bruxelas), desenvolveram propostas para tr\u00eas casos de estudo (Shopping Santa Cruz, o Centro Comercial Gal\u00e9cia e o Centro Comercial Santa B\u00e1rbara). <br \/>A exposi\u00e7\u00e3o, com curadoria dos Space Transcribers e do INSTITUTO, re\u00fane agora os projetos, estudos e materiais de processo que exploram novos futuros espaciais e sociais para estes centros comerciais.<br \/>Partindo de casos de estudo localizados em Braga, os trabalhos apresentados abordam desafios partilhados por muitas cidades, propondo estrat\u00e9gias e abordagens que podem ser adaptadas e reativadas noutros contextos urbanos.<\/p><p>Programa inaugura\u00e7\u00e3o<\/p><p>18h30 \u2014 Inaugura\u00e7\u00e3o da exposi\u00e7\u00e3o Shopyard Summer School: Processos e Propostas<\/p><p>19h00 \u2014 Visita guiada \u00e0 exposi\u00e7\u00e3o, por Fernando P. Ferreira, Daniel Pereira e Paulo Moreira<\/p><p>20h00 \u2014 Performance audiovisual The Loop, por Wout Arets e Lu\u00eds Francisco Oliveira<\/p><p>\u00a0<\/p><p><strong>Cr\u00e9ditos fotogr\u00e1ficos: <\/strong>Maria Jo\u00e3o Salgado\/ Braga 25<\/p><p>Com o apoio do programa Criat\u00f3rio da \u00c1gora \u2013 Cultura e Desporto e da Dire\u00e7\u00e3o-Geral das Artes<\/p>\",\r\n      \"align\": \"top\",\r\n      \"row\": 3,\r\n      \"col\": 6,\r\n      \"colspan\": 5,\r\n      \"offsetx\": 0,\r\n      \"offsety\": 0,\r\n      \"spaceabove\": 0,\r\n      \"spacebelow\": 0,\r\n      \"yvel\": 1,\r\n      \"push\": 0,\r\n      \"relid\": 9\r\n    },\r\n    {\r\n      \"type\": \"text\",\r\n      \"cont\": \"<p>12.02.2026<\/p>\",\r\n      \"align\": \"top\",\r\n      \"row\": 5,\r\n      \"col\": 6,\r\n      \"colspan\": 2,\r\n      \"offsetx\": 0,\r\n      \"offsety\": 0,\r\n      \"spaceabove\": 0,\r\n      \"spacebelow\": 0,\r\n      \"yvel\": 1,\r\n      \"push\": 6,\r\n      \"relid\": 7\r\n    },\r\n    {\r\n      \"type\": \"text\",\r\n      \"cont\": \"<p style=\\\"line-height: 0.6;\\\">PERFORMANCE<\/p><p style=\\\"line-height: 0.6;\\\">AUDIOVISUAL<\/p><p style=\\\"line-height: 0.6;\\\">(AO VIVO)<\/p>\",\r\n      \"align\": \"top\",\r\n      \"row\": 5,\r\n      \"col\": 9,\r\n      \"colspan\": 3,\r\n      \"offsetx\": 0,\r\n      \"offsety\": 0,\r\n      \"spaceabove\": 0,\r\n      \"spacebelow\": 0,\r\n      \"yvel\": 1,\r\n      \"push\": 1,\r\n      \"relid\": 4\r\n    },\r\n    {\r\n      \"type\": \"img\",\r\n      \"cont\": \"http:\/\/oinstituto.pt\/wp-content\/uploads\/2026\/02\/WoutArets1.jpg\",\r\n      \"align\": \"top\",\r\n      \"row\": 6,\r\n      \"col\": 0,\r\n      \"colspan\": 5,\r\n      \"offsetx\": 0,\r\n      \"offsety\": 0,\r\n      \"spaceabove\": 0,\r\n      \"spacebelow\": 0,\r\n      \"yvel\": 1,\r\n      \"push\": 0,\r\n      \"relid\": 1978,\r\n      \"attid\": 1838,\r\n      \"sizes\": {\r\n        \"full\": \"http:\/\/oinstituto.pt\/wp-content\/uploads\/2026\/02\/WoutArets1.jpg\",\r\n        \"_2560\": \"http:\/\/oinstituto.pt\/wp-content\/uploads\/2026\/02\/WoutArets1-2560x3529.jpg\",\r\n        \"_1920\": \"http:\/\/oinstituto.pt\/wp-content\/uploads\/2026\/02\/WoutArets1-1920x2646.jpg\",\r\n        \"_1280\": \"http:\/\/oinstituto.pt\/wp-content\/uploads\/2026\/02\/WoutArets1-1280x1764.jpg\",\r\n        \"_1024\": \"http:\/\/oinstituto.pt\/wp-content\/uploads\/2026\/02\/WoutArets1-1024x1411.jpg\",\r\n        \"_768\": \"http:\/\/oinstituto.pt\/wp-content\/uploads\/2026\/02\/WoutArets1-768x1059.jpg\",\r\n        \"_512\": \"http:\/\/oinstituto.pt\/wp-content\/uploads\/2026\/02\/WoutArets1-512x706.jpg\",\r\n        \"_265\": \"http:\/\/oinstituto.pt\/wp-content\/uploads\/2026\/02\/WoutArets1-265x365.jpg\"\r\n      },\r\n      \"w\": 2643,\r\n      \"h\": 3643,\r\n      \"ar\": 1.3783579265985622,\r\n      \"alt\": \"\",\r\n      \"frameOverflow\": \"\"\r\n    },\r\n    {\r\n      \"type\": \"text\",\r\n      \"cont\": \"<p>THE LOOP \u2013 WOUT ARETS + LU\u00cdS FRANCISCO OLIVEIRA<\/p><p>No dia 12 de fevereiro, \u00e0s 20h00, o baterista Wout Arets apresenta a performance audiovisual The Loop, em colabora\u00e7\u00e3o com o artista local Lu\u00eds Francisco Oliveira.<\/p><p>Durante a sua resid\u00eancia no INSTITUTO, Wout registou sons em diferentes pontos da cidade do Porto, transformando-os ao vivo numa composi\u00e7\u00e3o improvisada atrav\u00e9s de Sensory Percussion. Estes sons d\u00e3o forma a um universo visual criado por Lu\u00eds Francisco Oliveira, a partir de digitaliza\u00e7\u00f5es 3D de edif\u00edcios do Porto, num circuito de retroalimenta\u00e7\u00e3o em tempo real entre som e imagem.<\/p><p>The Loop reflete sobre o desenvolvimento urbano da cidade: a constru\u00e7\u00e3o \u00e9 vis\u00edvel e aud\u00edvel em todo o lado \u2014 mas ser\u00e3o as pessoas que suportam o constante martelar e perfurar as mesmas que, no final, beneficiar\u00e3o desse desenvolvimento?<\/p><p>Com o apoio do programa Criat\u00f3rio da \u00c1gora \u2013 Cultura e Desporto e da Dire\u00e7\u00e3o-Geral das Artes<\/p>\",\r\n      \"align\": \"top\",\r\n      \"row\": 6,\r\n      \"col\": 6,\r\n      \"colspan\": 5,\r\n      \"offsetx\": 0,\r\n      \"offsety\": 0,\r\n      \"spaceabove\": 0,\r\n      \"spacebelow\": 0,\r\n      \"yvel\": 1,\r\n      \"push\": 1,\r\n      \"relid\": 10,\r\n      \"frameOverflow\": \"\"\r\n    }\r\n  ]\r\n}","phonegrid":"","_links":{"self":[{"href":"https:\/\/oinstituto.pt\/pt\/wp-json\/wp\/v2\/pages\/1047","targetHints":{"allow":["GET"]}}],"collection":[{"href":"https:\/\/oinstituto.pt\/pt\/wp-json\/wp\/v2\/pages"}],"about":[{"href":"https:\/\/oinstituto.pt\/pt\/wp-json\/wp\/v2\/types\/page"}],"author":[{"embeddable":true,"href":"https:\/\/oinstituto.pt\/pt\/wp-json\/wp\/v2\/users\/2"}],"replies":[{"embeddable":true,"href":"https:\/\/oinstituto.pt\/pt\/wp-json\/wp\/v2\/comments?post=1047"}],"version-history":[{"count":0,"href":"https:\/\/oinstituto.pt\/pt\/wp-json\/wp\/v2\/pages\/1047\/revisions"}],"wp:attachment":[{"href":"https:\/\/oinstituto.pt\/pt\/wp-json\/wp\/v2\/media?parent=1047"}],"curies":[{"name":"wp","href":"https:\/\/api.w.org\/{rel}","templated":true}]}}