{"id":1190,"date":"2023-08-21T14:13:19","date_gmt":"2023-08-21T14:13:19","guid":{"rendered":"https:\/\/oinstituto.pt\/?page_id=1190"},"modified":"2023-08-21T16:44:17","modified_gmt":"2023-08-21T16:44:17","slug":"anuario22","status":"publish","type":"page","link":"https:\/\/oinstituto.pt\/pt\/anuario22\/","title":{"rendered":"Anu\u00e1rio&#8217;22"},"content":{"rendered":"","protected":false},"excerpt":{"rendered":"","protected":false},"author":2,"featured_media":0,"parent":0,"menu_order":0,"comment_status":"closed","ping_status":"closed","template":"","meta":[],"class_list":["post-1190","page","type-page","status-publish","hentry"],"grid":"{\r\n  \"colCount\": 12,\r\n  \"colGutter\": 2,\r\n  \"rowGutters\": [\r\n    2,\r\n    2,\r\n    2,\r\n    5,\r\n    2\r\n  ],\r\n  \"frameMargin\": 2,\r\n  \"leftFrameMargin\": 5,\r\n  \"rightFrameMargin\": 5,\r\n  \"topFrameMargin\": 17,\r\n  \"bottomFrameMargin\": 2,\r\n  \"rowAttrs\": [\r\n    {},\r\n    {},\r\n    {},\r\n    {},\r\n    {},\r\n    {}\r\n  ],\r\n  \"bgColor\": null,\r\n  \"bgImage\": null,\r\n  \"cont\": [\r\n    {\r\n      \"type\": \"text\",\r\n      \"cont\": \"<p class=\\\"_TXTMONO\\\" style=\\\"text-align: center;\\\"><span style=\\\"font-size: 3vw; color: #ffffff;\\\">ANU\u00c1RIO'22<\/span><\/p>\",\r\n      \"align\": \"top\",\r\n      \"row\": 0,\r\n      \"col\": 0,\r\n      \"colspan\": 12,\r\n      \"offsetx\": 0,\r\n      \"offsety\": 0,\r\n      \"spaceabove\": 0,\r\n      \"spacebelow\": 0,\r\n      \"yvel\": 1,\r\n      \"push\": 0,\r\n      \"relid\": 5,\r\n      \"frameOverflow\": \"\"\r\n    },\r\n    {\r\n      \"type\": \"text\",\r\n      \"cont\": \"<p>O INSTITUTO tem vindo a ocupar um lugar original no panorama da cultura arquitet\u00f3nica e sua rela\u00e7\u00e3o com as artes, na cidade do Porto. Como institui\u00e7\u00e3o cultural, interessa-nos aprender com o importante legado hist\u00f3rico de gera\u00e7\u00f5es passadas, e pensar sobre temas da contemporaneidade que podem afetar as nossas aspira\u00e7\u00f5es futuras. Em 2022, continu\u00e1mos a cruzar o conhecimento local com din\u00e2micas de geografias diversas, construindo um espa\u00e7o qualificado de cria\u00e7\u00e3o, reflex\u00e3o e interc\u00e2mbio.<\/p>\",\r\n      \"align\": \"top\",\r\n      \"row\": 1,\r\n      \"col\": 3,\r\n      \"colspan\": 6,\r\n      \"offsetx\": 0,\r\n      \"offsety\": 0,\r\n      \"spaceabove\": 0,\r\n      \"spacebelow\": 0,\r\n      \"yvel\": 1,\r\n      \"push\": 3,\r\n      \"relid\": 4\r\n    },\r\n    {\r\n      \"type\": \"img\",\r\n      \"cont\": \"http:\/\/oinstituto.pt\/wp-content\/uploads\/2023\/08\/0C0A0459_LOW.jpg\",\r\n      \"align\": \"top\",\r\n      \"row\": 2,\r\n      \"col\": 3,\r\n      \"colspan\": 6,\r\n      \"offsetx\": 0,\r\n      \"offsety\": 0,\r\n      \"spaceabove\": 0,\r\n      \"spacebelow\": 0,\r\n      \"yvel\": 1,\r\n      \"push\": 3,\r\n      \"relid\": 559,\r\n      \"attid\": 1191,\r\n      \"sizes\": {\r\n        \"full\": \"http:\/\/oinstituto.pt\/wp-content\/uploads\/2023\/08\/0C0A0459_LOW.jpg\",\r\n        \"_768\": \"http:\/\/oinstituto.pt\/wp-content\/uploads\/2023\/08\/0C0A0459_LOW-768x512.jpg\",\r\n        \"_512\": \"http:\/\/oinstituto.pt\/wp-content\/uploads\/2023\/08\/0C0A0459_LOW-512x341.jpg\",\r\n        \"_265\": \"http:\/\/oinstituto.pt\/wp-content\/uploads\/2023\/08\/0C0A0459_LOW-265x176.jpg\"\r\n      },\r\n      \"w\": 1024,\r\n      \"h\": 682,\r\n      \"ar\": 0.666015625,\r\n      \"alt\": \"\",\r\n      \"frameOverflow\": \"\"\r\n    },\r\n    {\r\n      \"type\": \"text\",\r\n      \"cont\": \"<p>Durante este ano, para al\u00e9m de dar continuidade a ciclos e compromissos em andamento, assumimos novos desafios. O maior e mais ambicioso ter\u00e1 sido a execu\u00e7\u00e3o do plano de atividades no \u00e2mbito do apoio da DG Artes - categoria de Programa\u00e7\u00e3o, ap\u00f3s experi\u00eancias anteriores de encadear projetos mais isolados ou aut\u00f3nomos. Tamb\u00e9m pioneira foi a organiza\u00e7\u00e3o da 9\u00aa edi\u00e7\u00e3o do Arquiteturas Film Festival - Slow Down!, pela primeira vez acolhido no Porto. Simultaneamente, mantivemos uma agenda de acolhimento de projetos espont\u00e2neos, reafirmando a nossa abertura para abordar temas e formatos diversos.<\/p><p style=\\\"text-align: left;\\\">Naquele que foi o nosso primeiro ano com um programa pensado sob uma tem\u00e1tica anual cont\u00e1mos com tr\u00eas exposi\u00e7\u00f5es \u2013 \u201cArquiteturas da Imagem, Imagens da Arquitetura\u201d, \u201cClear the Path!\u201d e \u201cR\u00e9manence\u201d \u2013, alternadas com tr\u00eas ciclos de conversas \u2013 \u201cQuinzena\u201d, \u201cWIP\u201d e \u201cExpedition\u201d. O programa visou promover di\u00e1logos entre pr\u00e1ticas arquitet\u00f3nicas e sua rela\u00e7\u00e3o com as artes, as institui\u00e7\u00f5es, a sociedade, o espa\u00e7o natural e constru\u00eddo, e as pessoas que nele habitam, em continuidade com o trabalho que temos vindo a desenvolver.<\/p><p>Um dos maiores projetos que abra\u00e7amos em 2022 foi a organiza\u00e7\u00e3o do AFF - Slow Down!, cuja realiza\u00e7\u00e3o s\u00f3 foi poss\u00edvel gra\u00e7as ao apoio financeiro e \u00e0s diversas parcerias estabelecidas com institui\u00e7\u00f5es da cidade, criando um circuito de atividades durante o festival que contaram com realizadores e arquitetos nacionais e internacionais.<\/p><p>Para al\u00e9m da programar autores e trabalhos que admiramos, e que se se alinham com as tem\u00e1ticas que nos propomos abordar, temos mantido a vertente de envolver a nossa equipa na cria\u00e7\u00e3o art\u00edstica e arquitet\u00f3nica, desenvolvendo projetos que materializam esta nossa dimens\u00e3o de pr\u00e1tica colaborativa de a\u00e7\u00e3o\/cria\u00e7\u00e3o, como as exposi\u00e7\u00f5es coletivas \u201cDesviaduto\u201d e \u201cMundo Interior, Mundo Exterior\u201d; e o projeto \u201cCaminho das Escadinhas\u201d, no \u00e2mbito do programa Bairros Saud\u00e1veis.<\/p>\",\r\n      \"align\": \"top\",\r\n      \"row\": 3,\r\n      \"col\": 0,\r\n      \"colspan\": 6,\r\n      \"offsetx\": 0,\r\n      \"offsety\": 0,\r\n      \"spaceabove\": 0,\r\n      \"spacebelow\": 0,\r\n      \"yvel\": 1,\r\n      \"push\": 0,\r\n      \"relid\": 387\r\n    },\r\n    {\r\n      \"type\": \"stack\",\r\n      \"cont\": [\r\n        {\r\n          \"type\": \"text\",\r\n          \"cont\": \"<p style=\\\"text-align: left;\\\">O compromisso em acolher projetos espont\u00e2neos, que nos chegam por iniciativas externas \u00e0 nossa equipa, mant\u00e9m-se como uma das caracter\u00edsticas fundadoras do INSTITUTO.<\/p><p>O programa do INSTITUTO procura atingir diversos p\u00fablicos locais, nacionais e internacionais, n\u00e3o s\u00f3 atrav\u00e9s das atividades que desenvolvemos, mas tamb\u00e9m atrav\u00e9s da presen\u00e7a em eventos e palestras para os quais somos convidados a participar. Este ano visit\u00e1mos a Garagem Sul do CCB \u2013 Centro Cultural de Bel\u00e9m, em Lisboa; apresent\u00e1mos o INSTITUTO e uma retrospetiva dos \u00faltimos 3 anos, na confer\u00eancia internacional Archisummit; e em setembro fomos convidados para participar na primeira edi\u00e7\u00e3o do Encontro de Pr\u00e1ticas Espaciais Cr\u00edticas, no \u00e2mbito do Cultura em Expans\u00e3o, programa de promo\u00e7\u00e3o cultural e art\u00edstica criado pela C\u00e2mara Municipal do Porto.<\/p><p>As resid\u00eancias art\u00edsticas continuam a ser um campo em expans\u00e3o, por reconhecermos a sua import\u00e2ncia enquanto espa\u00e7o de pensamento, troca e dissemina\u00e7\u00e3o de ideias. Ao longo de 2022, recebemos residentes vindos de diversos pa\u00edses e que atuam em \u00e1reas igualmente diversas.<\/p><p>Chegados ao final de 2022, demos por n\u00f3s a planear o futuro pr\u00f3ximo. Por um lado, temos duas oficinas a decorrer na primeira metade de 2023 \u2013 \u201cConstruir um Arquivo\u201d e \u201cL.E.A.L \u2013 Laborat\u00f3rio Experimental de A\u00e7\u00e3o Local\u201d \u2013 ambas apoiadas pela DGArtes no \u00e2mbito dos Apoios Simplificados a Projetos. Por outro lado, o atraso na abertura das candidaturas aos apoios de programa\u00e7\u00e3o da DGArtes tornaram o final deste ano de atividades um per\u00edodo particularmente intenso. Aguardamos o resultado destas candidaturas, a fim de estabilizar o programa cultural de 2023.<\/p><p>\u00a0<\/p><p>Paulo Moreira<br \/>Raquel Pais<\/p>\",\r\n          \"align\": \"top\",\r\n          \"row\": -1,\r\n          \"col\": 0,\r\n          \"colspan\": 6,\r\n          \"offsetx\": 0,\r\n          \"offsety\": 0,\r\n          \"spaceabove\": 0,\r\n          \"spacebelow\": 0,\r\n          \"yvel\": 1,\r\n          \"push\": 0,\r\n          \"relid\": 8\r\n        }\r\n      ],\r\n      \"align\": \"top\",\r\n      \"row\": 3,\r\n      \"col\": 6,\r\n      \"colspan\": 6,\r\n      \"offsetx\": 0,\r\n      \"offsety\": 0,\r\n      \"spaceabove\": 0,\r\n      \"spacebelow\": 0,\r\n      \"yvel\": 1,\r\n      \"push\": 0,\r\n      \"relid\": 7,\r\n      \"frameOverflow\": \"\"\r\n    },\r\n    {\r\n      \"type\": \"thumbnailgrid\",\r\n      \"cont\": \"\",\r\n      \"align\": \"top\",\r\n      \"row\": 4,\r\n      \"col\": 0,\r\n      \"colspan\": 12,\r\n      \"offsetx\": 0,\r\n      \"offsety\": 0,\r\n      \"spaceabove\": 0,\r\n      \"spacebelow\": 0,\r\n      \"yvel\": 1,\r\n      \"push\": 0,\r\n      \"relid\": 6,\r\n      \"config\": {\r\n        \"desktop\": {\r\n          \"colCount\": 3,\r\n          \"colGutter\": 2,\r\n          \"rowGutter\": 4\r\n        },\r\n        \"tablet\": {\r\n          \"colCount\": 3,\r\n          \"colGutter\": 3,\r\n          \"rowGutter\": 5\r\n        },\r\n        \"phone\": {\r\n          \"colCount\": 2,\r\n          \"colGutter\": 4,\r\n          \"rowGutter\": 8\r\n        },\r\n        \"layoutType\": \"top-aligned\",\r\n        \"cat_id\": 28,\r\n        \"showfilter\": false,\r\n        \"showtagfilter\": false,\r\n        \"sortedFilters\": false,\r\n        \"sortedTagFilters\": false,\r\n        \"tagFilterBehaviour\": \"or\"\r\n      },\r\n      \"frameOverflow\": \"\"\r\n    },\r\n    {\r\n      \"type\": \"stack\",\r\n      \"cont\": [\r\n        {\r\n          \"type\": \"text\",\r\n          \"cont\": \"<p style=\\\"text-align: center;\\\"><span>O Anu\u00e1rio\u201922 foi apoiado pela DGArtes \/ Minist\u00e9rio da Cultura.<\/span><\/p>\",\r\n          \"align\": \"top\",\r\n          \"row\": -1,\r\n          \"col\": 0,\r\n          \"colspan\": 12,\r\n          \"offsetx\": 0,\r\n          \"offsety\": 0,\r\n          \"spaceabove\": 0,\r\n          \"spacebelow\": 0,\r\n          \"yvel\": 1,\r\n          \"push\": 0,\r\n          \"relid\": 10\r\n        },\r\n        {\r\n          \"type\": \"img\",\r\n          \"cont\": \"http:\/\/oinstituto.pt\/wp-content\/uploads\/2022\/06\/logo_gartes-1-e1683044687458.png\",\r\n          \"align\": \"top\",\r\n          \"row\": -1,\r\n          \"col\": 5,\r\n          \"colspan\": 2,\r\n          \"offsetx\": 0,\r\n          \"offsety\": 0,\r\n          \"spaceabove\": 1,\r\n          \"spacebelow\": 0,\r\n          \"yvel\": 1,\r\n          \"push\": 5,\r\n          \"relid\": 396,\r\n          \"attid\": 1057,\r\n          \"sizes\": {\r\n            \"full\": \"http:\/\/oinstituto.pt\/wp-content\/uploads\/2022\/06\/logo_gartes-1-e1683044687458.png\",\r\n            \"_1280\": \"http:\/\/oinstituto.pt\/wp-content\/uploads\/2022\/06\/logo_gartes-1-1280x1280.png\",\r\n            \"_1024\": \"http:\/\/oinstituto.pt\/wp-content\/uploads\/2022\/06\/logo_gartes-1-e1683044687458-1024x249.png\",\r\n            \"_768\": \"http:\/\/oinstituto.pt\/wp-content\/uploads\/2022\/06\/logo_gartes-1-e1683044687458-768x187.png\",\r\n            \"_512\": \"http:\/\/oinstituto.pt\/wp-content\/uploads\/2022\/06\/logo_gartes-1-e1683044687458-512x125.png\",\r\n            \"_265\": \"http:\/\/oinstituto.pt\/wp-content\/uploads\/2022\/06\/logo_gartes-1-e1683044687458-265x64.png\"\r\n          },\r\n          \"w\": 1196,\r\n          \"h\": 291,\r\n          \"ar\": 0.24331103678929766,\r\n          \"alt\": \"\"\r\n        }\r\n      ],\r\n      \"align\": \"top\",\r\n      \"row\": 5,\r\n      \"col\": 0,\r\n      \"colspan\": 12,\r\n      \"offsetx\": 0,\r\n      \"offsety\": 0,\r\n      \"spaceabove\": 0,\r\n      \"spacebelow\": 0,\r\n      \"yvel\": 1,\r\n      \"push\": 0,\r\n      \"relid\": 9,\r\n      \"frameOverflow\": \"\"\r\n    }\r\n  ]\r\n}","phonegrid":"","_links":{"self":[{"href":"https:\/\/oinstituto.pt\/pt\/wp-json\/wp\/v2\/pages\/1190","targetHints":{"allow":["GET"]}}],"collection":[{"href":"https:\/\/oinstituto.pt\/pt\/wp-json\/wp\/v2\/pages"}],"about":[{"href":"https:\/\/oinstituto.pt\/pt\/wp-json\/wp\/v2\/types\/page"}],"author":[{"embeddable":true,"href":"https:\/\/oinstituto.pt\/pt\/wp-json\/wp\/v2\/users\/2"}],"replies":[{"embeddable":true,"href":"https:\/\/oinstituto.pt\/pt\/wp-json\/wp\/v2\/comments?post=1190"}],"version-history":[{"count":0,"href":"https:\/\/oinstituto.pt\/pt\/wp-json\/wp\/v2\/pages\/1190\/revisions"}],"wp:attachment":[{"href":"https:\/\/oinstituto.pt\/pt\/wp-json\/wp\/v2\/media?parent=1190"}],"curies":[{"name":"wp","href":"https:\/\/api.w.org\/{rel}","templated":true}]}}