{"id":141,"date":"2020-06-15T13:27:00","date_gmt":"2020-06-15T12:52:45","guid":{"rendered":"http:\/\/oinstituto.pt\/programa-2\/"},"modified":"2024-03-27T17:31:23","modified_gmt":"2024-03-27T17:31:23","slug":"residencias","status":"publish","type":"page","link":"https:\/\/oinstituto.pt\/pt\/residencias\/","title":{"rendered":"Resid\u00eancias"},"content":{"rendered":"","protected":false},"excerpt":{"rendered":"","protected":false},"author":1,"featured_media":0,"parent":0,"menu_order":0,"comment_status":"closed","ping_status":"closed","template":"","meta":[],"class_list":["post-141","page","type-page","status-publish","hentry"],"grid":"{\r\n  \"colCount\": 12,\r\n  \"colGutter\": 2,\r\n  \"rowGutters\": [\r\n    2\r\n  ],\r\n  \"frameMargin\": 2,\r\n  \"topFrameMargin\": 17,\r\n  \"bottomFrameMargin\": 2,\r\n  \"rowAttrs\": [\r\n    {},\r\n    {}\r\n  ],\r\n  \"bgColor\": null,\r\n  \"cont\": [\r\n    {\r\n      \"type\": \"text\",\r\n      \"cont\": \"<p><span style=\\\"font-weight: 400;\\\">O INSTITUTO acolhe resid\u00eancias de arquitetos, artistas e investigadores que procurem uma oportunidade para viver e trabalhar no Porto por um per\u00edodo at\u00e9 3 meses. A partir da localiza\u00e7\u00e3o do INSTITUTO no centro hist\u00f3rico da cidade, os residentes poder\u00e3o explorar ideias e desenvolver projectos, usufruir do ambiente interdisciplinar do INSTITUTO, e apresentar o trabalho no nosso espa\u00e7o atrav\u00e9s de um evento p\u00fablico. Os residentes s\u00e3o encorajados a criar rela\u00e7\u00f5es com outros artistas, organiza\u00e7\u00f5es, estudantes e profissionais da cidade do Porto. Dispomos de instala\u00e7\u00f5es para acolher um\/a residente (ou pequena equipa) de cada vez, num est\u00fadio totalmente equipado e com acesso independente.\u00a0<\/span><\/p><p>Descarregar a brochura da Resid\u00eancia <a rel=\\\"noopener\\\" href=\\\"http:\/\/oinstituto.pt\/wp-content\/uploads\/2023\/11\/INSTITUTO-residency-brochure_low.pdf\\\" target=\\\"_blank\\\">aqui<\/a> (PDF)<\/p><p><span style=\\\"font-weight: 400;\\\">Aceitamos candidaturas espont\u00e2neas auto-financiadas. Apoiamos processos de candidatura a bolsas sugeridas pelas\/os candidatas\/os. Para candidaturas, pedimos envio de biografia\/CV e sinopse do projecto a desenvolver no INSTITUTO para info@oinstituto.pt. <\/span><span style=\\\"font-weight: 400;\\\">Apreciamos especialmente propostas relacionadas com arquitectura, pr\u00e1ticas espaciais cr\u00edticas, cultura urbana e p\u00f3s-colonialismo, com impacto p\u00fablico e social tang\u00edvel.<\/span><\/p><p>\u00a0<\/p>\",\r\n      \"align\": \"top\",\r\n      \"row\": 0,\r\n      \"col\": 0,\r\n      \"colspan\": 6,\r\n      \"offsetx\": 0,\r\n      \"offsety\": 0,\r\n      \"spaceabove\": 0,\r\n      \"spacebelow\": 4,\r\n      \"yvel\": 1,\r\n      \"push\": 0,\r\n      \"relid\": 4\r\n    },\r\n    {\r\n      \"type\": \"img\",\r\n      \"cont\": \"\/wp-content\/uploads\/2020\/12\/201111_Insta_residencia_3.jpg\",\r\n      \"align\": \"top\",\r\n      \"row\": 0,\r\n      \"col\": 6,\r\n      \"colspan\": 6,\r\n      \"offsetx\": 0,\r\n      \"offsety\": 0,\r\n      \"spaceabove\": 0,\r\n      \"spacebelow\": 0,\r\n      \"yvel\": 1,\r\n      \"push\": 0,\r\n      \"relid\": 537,\r\n      \"attid\": 516,\r\n      \"sizes\": {\r\n        \"full\": \"\/wp-content\/uploads\/2020\/12\/201111_Insta_residencia_3.jpg\",\r\n        \"_1024\": \"\/wp-content\/uploads\/2020\/12\/201111_Insta_residencia_3-1024x1024.jpg\",\r\n        \"_768\": \"\/wp-content\/uploads\/2020\/12\/201111_Insta_residencia_3-768x768.jpg\",\r\n        \"_512\": \"\/wp-content\/uploads\/2020\/12\/201111_Insta_residencia_3-512x512.jpg\",\r\n        \"_265\": \"\/wp-content\/uploads\/2020\/12\/201111_Insta_residencia_3-265x265.jpg\"\r\n      },\r\n      \"w\": 1200,\r\n      \"h\": 1200,\r\n      \"ar\": 1,\r\n      \"alt\": \"\"\r\n    },\r\n    {\r\n      \"type\": \"thumbnailgrid\",\r\n      \"cont\": \"\",\r\n      \"align\": \"top\",\r\n      \"row\": 1,\r\n      \"col\": 0,\r\n      \"colspan\": 12,\r\n      \"offsetx\": 0,\r\n      \"offsety\": 0,\r\n      \"spaceabove\": 0,\r\n      \"spacebelow\": 0,\r\n      \"yvel\": 1,\r\n      \"push\": 0,\r\n      \"relid\": 5,\r\n      \"config\": {\r\n        \"desktop\": {\r\n          \"colCount\": 3,\r\n          \"colGutter\": 2,\r\n          \"rowGutter\": 2\r\n        },\r\n        \"tablet\": {\r\n          \"colCount\": 2,\r\n          \"colGutter\": 1,\r\n          \"rowGutter\": 1\r\n        },\r\n        \"phone\": {\r\n          \"colCount\": 1,\r\n          \"colGutter\": 1,\r\n          \"rowGutter\": 1\r\n        },\r\n        \"layoutType\": \"top-aligned\",\r\n        \"cat_id\": 15\r\n      }\r\n    }\r\n  ]\r\n}","phonegrid":"","_links":{"self":[{"href":"https:\/\/oinstituto.pt\/pt\/wp-json\/wp\/v2\/pages\/141","targetHints":{"allow":["GET"]}}],"collection":[{"href":"https:\/\/oinstituto.pt\/pt\/wp-json\/wp\/v2\/pages"}],"about":[{"href":"https:\/\/oinstituto.pt\/pt\/wp-json\/wp\/v2\/types\/page"}],"author":[{"embeddable":true,"href":"https:\/\/oinstituto.pt\/pt\/wp-json\/wp\/v2\/users\/1"}],"replies":[{"embeddable":true,"href":"https:\/\/oinstituto.pt\/pt\/wp-json\/wp\/v2\/comments?post=141"}],"version-history":[{"count":0,"href":"https:\/\/oinstituto.pt\/pt\/wp-json\/wp\/v2\/pages\/141\/revisions"}],"wp:attachment":[{"href":"https:\/\/oinstituto.pt\/pt\/wp-json\/wp\/v2\/media?parent=141"}],"curies":[{"name":"wp","href":"https:\/\/api.w.org\/{rel}","templated":true}]}}