{"id":171,"date":"2020-07-20T13:47:45","date_gmt":"2019-03-19T10:47:32","guid":{"rendered":"http:\/\/oinstituto.pt\/sobre-2\/"},"modified":"2025-10-08T14:14:58","modified_gmt":"2025-10-08T14:14:58","slug":"sobre-2","status":"publish","type":"page","link":"https:\/\/oinstituto.pt\/pt\/sobre-2\/","title":{"rendered":"Sobre"},"content":{"rendered":"","protected":false},"excerpt":{"rendered":"","protected":false},"author":1,"featured_media":0,"parent":0,"menu_order":0,"comment_status":"closed","ping_status":"closed","template":"","meta":[],"class_list":["post-171","page","type-page","status-publish","hentry"],"grid":"{\r\n  \"colCount\": 12,\r\n  \"colGutter\": 2,\r\n  \"rowGutters\": [\r\n    0,\r\n    2\r\n  ],\r\n  \"frameMargin\": 2,\r\n  \"topFrameMargin\": 17,\r\n  \"bottomFrameMargin\": 2,\r\n  \"rowAttrs\": [\r\n    {},\r\n    {},\r\n    {}\r\n  ],\r\n  \"bgColor\": null,\r\n  \"cont\": [\r\n    {\r\n      \"type\": \"text\",\r\n      \"cont\": \"<p class=\\\"p1\\\">O INSTITUTO \u00e9 um ponto de encontro de diversas formas de express\u00e3o cultural, situado no cora\u00e7\u00e3o do Porto. Os interesses e percursos da equipa residente fundamentam um corpo de programa\u00e7\u00e3o que parte do campo da arquitectura para as artes visuais e espaciais, pensamento cr\u00edtico e cruzamentos disciplinares. Acreditamos que a interdisciplinaridade aliada \u00e0 informalidade do espa\u00e7o e a vontade de abordar temas \u2018quentes\u2019 da sociedade atual potenciam a cria\u00e7\u00e3o e a pesquisa de novos discursos contempor\u00e2neos.<\/p><p class=\\\"p3\\\">O INSTITUTO surgiu da vontade de ativa\u00e7\u00e3o de um antigo armaz\u00e9m que, tal como uma parte significativa do edificado do centro do Porto, esteve abandonado durante v\u00e1rias d\u00e9cadas. Em 2018, o edif\u00edcio foi reabilitado por Paulo Moreira Architectures, que ali instalou o seu atelier e criou o INSTITUTO como extens\u00e3o da sua pr\u00e1tica. O INSTITUTO \u00e9 hoje gerido pela Tamanho Azul \u2013 Associa\u00e7\u00e3o, entidade que formaliza a equipa que contribuiu para a forma\u00e7\u00e3o e consolida\u00e7\u00e3o do projeto.\u00a0<\/p><p class=\\\"p3\\\">Desde a inaugura\u00e7\u00e3o em dezembro de 2018, o INSTITUTO tem desenvolvido programa\u00e7\u00e3o em variados formatos \u2014 conversas, exposi\u00e7\u00f5es, oficinas e publica\u00e7\u00f5es. Tem acolhido eventos, forma\u00e7\u00f5es e ciclos dedicados com participantes individuais e coletivos de diversas \u00e1reas disciplinares, do panorama nacional e internacional.<span class=\\\"Apple-converted-space\\\">\u00a0 <\/span>A localiza\u00e7\u00e3o na Rua dos Cl\u00e9rigos, junto a lugares de refer\u00eancia da cidade, bem como da agita\u00e7\u00e3o da Baixa e de uma rede de transportes com liga\u00e7\u00e3o a toda a cidade, tem sido mote para uma crescente actividade e aflu\u00eancia de p\u00fablico.<\/p><p>\u00a0<\/p><p>Equipa:<\/p><p class=\\\"p3\\\">Dire\u00e7\u00e3o Art\u00edstica: Paulo Moreira<br \/>Gest\u00e3o de projetos: Sara Pinheiro<br \/><span>Produ\u00e7\u00e3o e suporte t\u00e9cnico: Nuno Silva<\/span><br \/>Est\u00e1g\u00eco: Camilla Formiconi<\/p><p>\u00a0<\/p>\",\r\n      \"align\": \"top\",\r\n      \"row\": 0,\r\n      \"col\": 0,\r\n      \"colspan\": 6,\r\n      \"offsetx\": 0,\r\n      \"offsety\": 0,\r\n      \"spaceabove\": 0,\r\n      \"spacebelow\": 0,\r\n      \"yvel\": 1,\r\n      \"push\": 0,\r\n      \"relid\": 4\r\n    },\r\n    {\r\n      \"type\": \"img\",\r\n      \"cont\": \"\/wp-content\/uploads\/2020\/04\/INSTITUTO-ANUARIO15.jpg\",\r\n      \"align\": \"top\",\r\n      \"row\": 0,\r\n      \"col\": 6,\r\n      \"colspan\": 6,\r\n      \"offsetx\": 0,\r\n      \"offsety\": 0,\r\n      \"spaceabove\": 0,\r\n      \"spacebelow\": 0,\r\n      \"yvel\": 1,\r\n      \"push\": 0,\r\n      \"relid\": 90,\r\n      \"attid\": 118,\r\n      \"sizes\": {\r\n        \"full\": \"\/wp-content\/uploads\/2020\/04\/INSTITUTO-ANUARIO15.jpg\",\r\n        \"_1280\": \"\/wp-content\/uploads\/2020\/04\/INSTITUTO-ANUARIO15-1280x853.jpg\",\r\n        \"_1024\": \"\/wp-content\/uploads\/2020\/04\/INSTITUTO-ANUARIO15-1024x683.jpg\",\r\n        \"_768\": \"\/wp-content\/uploads\/2020\/04\/INSTITUTO-ANUARIO15-768x512.jpg\",\r\n        \"_512\": \"\/wp-content\/uploads\/2020\/04\/INSTITUTO-ANUARIO15-512x341.jpg\",\r\n        \"_265\": \"\/wp-content\/uploads\/2020\/04\/INSTITUTO-ANUARIO15-265x177.jpg\"\r\n      },\r\n      \"ar\": 0.6666666666666666,\r\n      \"alt\": \"\",\r\n      \"w\": 1920,\r\n      \"h\": 1280\r\n    },\r\n    {\r\n      \"type\": \"text\",\r\n      \"cont\": \"<p>Download da brochura em pdf <a href=\\\"http:\/\/oinstituto.pt\/wp-content\/uploads\/2019\/11\/OINSTITUTO-BROCHURA.pdf\\\" target=\\\"_blank\\\" rel=\\\"noopener\\\">aqui<\/a> (PDF 18mb).<\/p>\",\r\n      \"align\": \"top\",\r\n      \"row\": 1,\r\n      \"col\": 0,\r\n      \"colspan\": 6,\r\n      \"offsetx\": 0,\r\n      \"offsety\": 0,\r\n      \"spaceabove\": 0,\r\n      \"spacebelow\": 0,\r\n      \"yvel\": 1,\r\n      \"push\": 0,\r\n      \"relid\": 5\r\n    }\r\n  ]\r\n}","phonegrid":"","_links":{"self":[{"href":"https:\/\/oinstituto.pt\/pt\/wp-json\/wp\/v2\/pages\/171","targetHints":{"allow":["GET"]}}],"collection":[{"href":"https:\/\/oinstituto.pt\/pt\/wp-json\/wp\/v2\/pages"}],"about":[{"href":"https:\/\/oinstituto.pt\/pt\/wp-json\/wp\/v2\/types\/page"}],"author":[{"embeddable":true,"href":"https:\/\/oinstituto.pt\/pt\/wp-json\/wp\/v2\/users\/1"}],"replies":[{"embeddable":true,"href":"https:\/\/oinstituto.pt\/pt\/wp-json\/wp\/v2\/comments?post=171"}],"version-history":[{"count":0,"href":"https:\/\/oinstituto.pt\/pt\/wp-json\/wp\/v2\/pages\/171\/revisions"}],"wp:attachment":[{"href":"https:\/\/oinstituto.pt\/pt\/wp-json\/wp\/v2\/media?parent=171"}],"curies":[{"name":"wp","href":"https:\/\/api.w.org\/{rel}","templated":true}]}}